{"id":11294,"date":"2024-03-20T13:03:47","date_gmt":"2024-03-20T13:03:47","guid":{"rendered":"https:\/\/vanderhelmlogistics.com\/privacy-policy\/"},"modified":"2026-03-20T08:49:42","modified_gmt":"2026-03-20T08:49:42","slug":"privacy-policy","status":"publish","type":"page","link":"https:\/\/vanderhelmlogistics.com\/de\/privacy-policy\/","title":{"rendered":"Datenschutzerkl\u00e4rung"},"content":{"rendered":"\n<h2 class=\"wp-block-heading\">Datenschutzerkl\u00e4rung<\/h2>\n\n<p>Van der Helm Logistics legt gro\u00dfen Wert auf den Schutz der Privatsph\u00e4re und das Vertrauen, das uns entgegengebracht wird, um sorgf\u00e4ltig mit personenbezogenen Daten und dem Datenschutz umzugehen. Nicht nur aufgrund gesetzlicher und regulatorischer Anforderungen, sondern vor allem, weil es uns wichtig ist, Ihre Privatsph\u00e4re zu gew\u00e4hrleisten. <\/p>\n\n<p>Mit dieser Datenschutzerkl\u00e4rung informieren wir Sie dar\u00fcber:<\/p>\n\n<ul class=\"wp-block-list\">\n<li>Welche personenbezogenen Daten wir bei der Inanspruchnahme unserer Dienstleistungen erheben<\/li>\n\n\n\n<li>Welche personenbezogenen Daten wir bei der Nutzung der Website erheben<\/li>\n\n\n\n<li>Warum wir diese Daten erheben<\/li>\n\n\n\n<li>Was wir damit tun<\/li>\n<\/ul>\n\n<h3 class=\"wp-block-heading\"><strong>Van der Helm<\/strong><\/h3>\n\n<p>Van der Helm Logistics hat seinen Sitz in der Harnaschdreef 12, Postleitzahl 2635BT, wozu weitere Standorte geh\u00f6ren, im Folgenden bezeichnet als: Van der Helm. Van der Helm bietet mehr als 88 Jahre Erfahrung im Logistiksektor. Wir sind stolz darauf, eine breite Palette an Logistikdienstleistungen anzubieten, die auf die Bed\u00fcrfnisse unserer Kunden zugeschnitten sind. Zur Durchf\u00fchrung logistischer T\u00e4tigkeiten tauschen Van der Helm Einheiten regelm\u00e4\u00dfig personenbezogene Daten im Auftrag des Kunden aus. Alle diese \u00dcbermittlungen erfolgen in \u00dcbereinstimmung mit den geltenden Gesetzen und Vorschriften sowie der Datenschutz-Grundverordnung (DSGVO). Van der Helm hat organisatorische Ma\u00dfnahmen implementiert, um den Datenschutz und die Datensicherheit zu gew\u00e4hrleisten.     <\/p>\n\n<p>Diese Datenschutzerkl\u00e4rung gilt ausschlie\u00dflich f\u00fcr die Website von Van der Helm. Van der Helm ist nicht verantwortlich f\u00fcr die Datenschutzrichtlinien anderer Websites und Quellen, die auf unseren Websites genannt werden. <\/p>\n\n<h3 class=\"wp-block-heading\"><strong>Welche Daten verarbeiten wir?<\/strong><\/h3>\n\n<p>Van der Helm verarbeitet Ihre personenbezogenen Daten, weil Sie unsere Dienste in Anspruch nehmen und\/oder weil Sie uns diese Daten selbst zur Verf\u00fcgung stellen. Die von uns verarbeiteten Daten k\u00f6nnen unter anderem Folgendes umfassen: <\/p>\n\n<ul class=\"wp-block-list\">\n<li>Name und Kontaktdaten (wie Adresse, Telefonnummer und E-Mail-Adresse);<\/li>\n\n\n\n<li>Unternehmensdaten (wie Firmenname, Handelsregisternummer und USt-IdNr.);<\/li>\n\n\n\n<li>Zahlungs- und Rechnungsdaten;<\/li>\n\n\n\n<li>Daten in Bezug auf Ihre Nutzung unserer Dienste;<\/li>\n\n\n\n<li>Korrespondenz und Kommunikationshistorie;<\/li>\n\n\n\n<li>IP-Adresse und Browserinformationen \u00fcber Cookies; Wenn Sie die Website von Van der Helm Logistics nutzen, k\u00f6nnen Informationen und Daten Ihres Computersystems von uns erfasst und registriert werden. Dies dient der Funktionalit\u00e4t der Website. Dies kann die Verarbeitung personenbezogener Daten wie IP-Adresse, Zugriffszeit und andere Website- und Browserinformationen umfassen.  <\/li>\n<\/ul>\n\n<h3 class=\"wp-block-heading\"><strong>Zwecke der Verarbeitung<\/strong><\/h3>\n\n<p>Wir verarbeiten personenbezogene Daten f\u00fcr die folgenden Zwecke:<\/p>\n\n<ul class=\"wp-block-list\">\n<li>Die Erbringung unserer Dienstleistungen, wie Logistikl\u00f6sungen, einschlie\u00dflich Fulfillment, See- und Luftfrachtspedition, Zolldienstleistungen und (Stra\u00dfen-)Transport;<\/li>\n\n\n\n<li>Die Verbesserung unserer Dienstleistungen und die Analyse der Nutzung unserer Website;<\/li>\n\n\n\n<li>Die Pflege von Kundenbeziehungen und die Kommunikation mit dem Kunden \u00fcber unsere Dienstleistungen;<\/li>\n\n\n\n<li>Die Abwicklung der Fakturierung;<\/li>\n\n\n\n<li>Die Erf\u00fcllung gesetzlicher Verpflichtungen, wie zum Beispiel der Steuer- und Zollgesetzgebung.<\/li>\n<\/ul>\n\n<h3 class=\"wp-block-heading\"><strong>Rechtsgrundlagen f\u00fcr die Verarbeitung<\/strong><\/h3>\n\n<p>Wir verarbeiten personenbezogene Daten auf Basis der folgenden Rechtsgrundlagen:<\/p>\n\n<ul class=\"wp-block-list\">\n<li>Die Erf\u00fcllung eines Vertrages (Rahmenvertrag \u00fcber Logistikdienstleistungen);<\/li>\n\n\n\n<li>Erf\u00fcllung gesetzlicher Verpflichtungen;<\/li>\n\n\n\n<li>Berechtigtes Interesse, wie interne Analysen oder Marketingaktivit\u00e4ten;<\/li>\n\n\n\n<li>Einwilligung, falls zutreffend (zum Beispiel f\u00fcr den Erhalt von Newslettern).<\/li>\n<\/ul>\n\n<h3 class=\"wp-block-heading\"><strong>Weitergabe personenbezogener Daten<\/strong><\/h3>\n\n<p>Van der Helm gibt personenbezogene Daten nur dann an Dritte weiter, wenn dies f\u00fcr die Erbringung unserer Dienstleistungen oder zur Erf\u00fcllung einer gesetzlichen Verpflichtung erforderlich ist. Denken Sie hierbei an: <\/p>\n\n<ul class=\"wp-block-list\">\n<li>Lieferanten oder Subunternehmer, die an der Erbringung unserer Dienstleistungen beteiligt sind<\/li>\n\n\n\n<li>Beh\u00f6rden oder Aufsichtsorgane<\/li>\n<\/ul>\n\n<p>In allen F\u00e4llen, in denen wir Dritte einschalten, stellen wir sicher, dass personenbezogene Daten sicher und vertraulich behandelt werden. Dies gew\u00e4hrleisten wir durch Auftragsverarbeitungsvertr\u00e4ge mit Drittparteien. Van der Helm kann personenbezogene Daten an andere Einheiten der Van der Helm Gruppe weitergeben, sofern dies zur Erf\u00fcllung von Verpflichtungen erforderlich ist.  <\/p>\n\n<p>Dar\u00fcber hinaus kann Van der Helm personenbezogene Daten, die im Zusammenhang mit der Nutzung unserer Website, der Teilnahme an Veranstaltungen oder dem Erhalt kommerzieller Informationen von Van der Helm verarbeitet werden, an Hosting-Unternehmen, Marketing-Unternehmen oder andere Anbieter weitergeben, die f\u00fcr die Erbringung der Dienstleistungen erforderlich sind.<\/p>\n\n<h3 class=\"wp-block-heading\"><strong>Aufbewahrungsfrist<\/strong><\/h3>\n\n<p>Die Aufbewahrungsfrist f\u00fcr personenbezogene Daten h\u00e4ngt von der Art der Dienstleistung ab, die Sie von Van der Helm beziehen. Wir bewahren die Daten nicht l\u00e4nger auf, als es f\u00fcr den Zweck, f\u00fcr den sie geteilt wurden, erforderlich ist. Wie lange dieser Zweck besteht, variiert je nach Rechtsgrundlage und den damit verbundenen Umst\u00e4nden, wie zum Beispiel vertraglich festgelegten Bedingungen, der G\u00fcltigkeitsdauer der Einwilligung, dem gesetzlichen Rahmen usw. Zu den Umst\u00e4nden geh\u00f6ren auch die L\u00e4nder, auf die sich die Dienstleistungen beziehen, und die Art der Dienstleistung, die Van der Helm erbringt.   <\/p>\n\n<p>Wenn die Verarbeitung personenbezogener Daten auf einer Einwilligung beruht, werden die personenbezogenen Daten gel\u00f6scht, wenn Sie die Einwilligung widerrufen, es sei denn, geltendes Recht schreibt etwas anderes vor. Denken Sie beispielsweise an die gesetzliche Verpflichtung, bestimmte Daten f\u00fcr steuerliche Zwecke l\u00e4nger aufzubewahren. <\/p>\n\n<h3 class=\"wp-block-heading\"><strong>Ihre Rechte<\/strong><\/h3>\n\n<p>Sie haben jederzeit das Recht zu erfahren, welche personenbezogenen Daten von Ihnen verf\u00fcgbar sind. Sie haben das Recht auf Auskunft, Berichtigung, Einschr\u00e4nkung, \u00dcbertragbarkeit und L\u00f6schung personenbezogener Daten. Wenn die Verarbeitung Ihrer personenbezogenen Daten auf einer Einwilligung beruht, k\u00f6nnen Sie diese jederzeit widerrufen. Der Widerruf Ihrer Einwilligung hat Auswirkungen auf die Rechtm\u00e4\u00dfigkeit der vorangegangenen Verarbeitung auf Basis Ihrer fr\u00fcheren Einwilligung. M\u00f6chten Sie Daten \u00e4ndern oder l\u00f6schen? Bitte kontaktieren Sie Ihren festen Ansprechpartner oder wenden Sie sich an <a href=\"mailto:compliance-team@vdhelm.com\">compliance-team@vdhelm.com<\/a>.     <\/p>\n\n<h3 class=\"wp-block-heading\"><strong>Sicherheit Ihrer Daten<\/strong><\/h3>\n\n<p>Wir treffen angemessene technische und organisatorische Ma\u00dfnahmen, um Ihre personenbezogenen Daten vor Verlust, Missbrauch und unbefugtem Zugriff zu sch\u00fctzen. So nutzen wir sichere Verbindungen und Verschl\u00fcsselung, wo dies erforderlich ist. Personenbezogene Daten, die f\u00fcr die Ausf\u00fchrung der t\u00e4glichen Arbeit notwendig sind, werden verschl\u00fcsselt auf gesicherten Systemen gespeichert. Der Zugriff auf Software mit sensiblen Daten ist durch Multi-Faktor-Authentifizierung gesch\u00fctzt.   <\/p>\n\n<h3 class=\"wp-block-heading\"><strong>\u00c4nderungen<\/strong><\/h3>\n\n<p>Van der Helm Logistics beh\u00e4lt sich das Recht vor, \u00c4nderungen (aus verschiedenen Gr\u00fcnden) an der Datenschutzerkl\u00e4rung vorzunehmen. Die aktuellste Datenschutzerkl\u00e4rung kann jederzeit auf der Website von Van der Helm eingesehen werden. Wir empfehlen Ihnen, diese regelm\u00e4\u00dfig zu lesen.  <\/p>\n\n<p><\/p>\n","protected":false},"excerpt":{"rendered":"<p>Datenschutzerkl\u00e4rung Van der Helm Logistics legt gro\u00dfen Wert auf den Schutz der Privatsph\u00e4re und das Vertrauen, das uns entgegengebracht wird, um sorgf\u00e4ltig mit personenbezogenen Daten und dem Datenschutz umzugehen. Nicht nur aufgrund gesetzlicher und regulatorischer Anforderungen, sondern vor allem, weil es uns wichtig ist, Ihre Privatsph\u00e4re zu gew\u00e4hrleisten. Mit dieser Datenschutzerkl\u00e4rung informieren wir Sie dar\u00fcber: Van der Helm Van der Helm Logistics hat seinen Sitz in der Harnaschdreef 12, Postleitzahl 2635BT, wozu weitere Standorte geh\u00f6ren, im Folgenden bezeichnet als: Van der Helm. Van der Helm bietet mehr als 88 Jahre Erfahrung im Logistiksektor. Wir sind stolz darauf, eine breite Palette an Logistikdienstleistungen anzubieten, die auf die Bed\u00fcrfnisse unserer Kunden zugeschnitten sind. Zur Durchf\u00fchrung logistischer T\u00e4tigkeiten tauschen Van der Helm Einheiten regelm\u00e4\u00dfig personenbezogene Daten im Auftrag des Kunden aus. Alle diese \u00dcbermittlungen erfolgen in \u00dcbereinstimmung mit den geltenden Gesetzen und Vorschriften sowie der Datenschutz-Grundverordnung (DSGVO). Van der Helm hat organisatorische Ma\u00dfnahmen implementiert, um den Datenschutz und die Datensicherheit zu gew\u00e4hrleisten. Diese Datenschutzerkl\u00e4rung gilt ausschlie\u00dflich f\u00fcr die Website von Van der Helm. Van der Helm ist nicht verantwortlich f\u00fcr die Datenschutzrichtlinien anderer Websites und Quellen, die auf unseren Websites genannt werden. Welche Daten verarbeiten wir? Van der Helm verarbeitet Ihre personenbezogenen Daten, weil Sie unsere Dienste in Anspruch nehmen und\/oder weil Sie uns diese Daten selbst zur Verf\u00fcgung stellen. Die von uns verarbeiteten Daten k\u00f6nnen unter anderem Folgendes umfassen: Zwecke der Verarbeitung Wir verarbeiten personenbezogene Daten f\u00fcr die folgenden Zwecke: Rechtsgrundlagen f\u00fcr die Verarbeitung Wir verarbeiten personenbezogene Daten auf Basis der folgenden Rechtsgrundlagen: Weitergabe personenbezogener Daten Van der Helm gibt personenbezogene Daten nur dann an Dritte weiter, wenn dies f\u00fcr die Erbringung unserer Dienstleistungen oder zur Erf\u00fcllung einer gesetzlichen Verpflichtung erforderlich ist. Denken Sie hierbei an: In allen F\u00e4llen, in denen wir Dritte einschalten, stellen wir sicher, dass personenbezogene Daten sicher und vertraulich behandelt werden. Dies gew\u00e4hrleisten wir durch Auftragsverarbeitungsvertr\u00e4ge mit Drittparteien. Van der Helm kann personenbezogene Daten an andere Einheiten der Van der Helm Gruppe weitergeben, sofern dies zur Erf\u00fcllung von Verpflichtungen erforderlich ist. Dar\u00fcber hinaus kann Van der Helm personenbezogene Daten, die im Zusammenhang mit der Nutzung unserer Website, der Teilnahme an Veranstaltungen oder dem Erhalt kommerzieller Informationen von Van der Helm verarbeitet werden, an Hosting-Unternehmen, Marketing-Unternehmen oder andere Anbieter weitergeben, die f\u00fcr die Erbringung der Dienstleistungen erforderlich sind. Aufbewahrungsfrist Die Aufbewahrungsfrist f\u00fcr personenbezogene Daten h\u00e4ngt von der Art der Dienstleistung ab, die Sie von Van der Helm beziehen. Wir bewahren die Daten nicht l\u00e4nger auf, als es f\u00fcr den Zweck, f\u00fcr den sie geteilt wurden, erforderlich ist. Wie lange dieser Zweck besteht, variiert je nach Rechtsgrundlage und den damit verbundenen Umst\u00e4nden, wie zum Beispiel vertraglich festgelegten Bedingungen, der G\u00fcltigkeitsdauer der Einwilligung, dem gesetzlichen Rahmen usw. Zu den Umst\u00e4nden geh\u00f6ren auch die L\u00e4nder, auf die sich die Dienstleistungen beziehen, und die Art der Dienstleistung, die Van der Helm erbringt. Wenn die Verarbeitung personenbezogener Daten auf einer Einwilligung beruht, werden die personenbezogenen Daten gel\u00f6scht, wenn Sie die Einwilligung widerrufen, es sei denn, geltendes Recht schreibt etwas anderes vor. Denken Sie beispielsweise an die gesetzliche Verpflichtung, bestimmte Daten f\u00fcr steuerliche Zwecke l\u00e4nger aufzubewahren. Ihre Rechte Sie haben jederzeit das Recht zu erfahren, welche personenbezogenen Daten von Ihnen verf\u00fcgbar sind. Sie haben das Recht auf Auskunft, Berichtigung, Einschr\u00e4nkung, \u00dcbertragbarkeit und L\u00f6schung personenbezogener Daten. Wenn die Verarbeitung Ihrer personenbezogenen Daten auf einer Einwilligung beruht, k\u00f6nnen Sie diese jederzeit widerrufen. Der Widerruf Ihrer Einwilligung hat Auswirkungen auf die Rechtm\u00e4\u00dfigkeit der vorangegangenen Verarbeitung auf Basis Ihrer fr\u00fcheren Einwilligung. M\u00f6chten Sie Daten \u00e4ndern oder l\u00f6schen? Bitte kontaktieren Sie Ihren festen Ansprechpartner oder wenden Sie sich an compliance-team@vdhelm.com. Sicherheit Ihrer Daten Wir treffen angemessene technische und organisatorische Ma\u00dfnahmen, um Ihre personenbezogenen Daten vor Verlust, Missbrauch und unbefugtem Zugriff zu sch\u00fctzen. So nutzen wir sichere Verbindungen und Verschl\u00fcsselung, wo dies erforderlich ist. Personenbezogene Daten, die f\u00fcr die Ausf\u00fchrung der t\u00e4glichen Arbeit notwendig sind, werden verschl\u00fcsselt auf gesicherten Systemen gespeichert. Der Zugriff auf Software mit sensiblen Daten ist durch Multi-Faktor-Authentifizierung gesch\u00fctzt. \u00c4nderungen Van der Helm Logistics beh\u00e4lt sich das Recht vor, \u00c4nderungen (aus verschiedenen Gr\u00fcnden) an der Datenschutzerkl\u00e4rung vorzunehmen. Die aktuellste Datenschutzerkl\u00e4rung kann jederzeit auf der Website von Van der Helm eingesehen werden. Wir empfehlen Ihnen, diese regelm\u00e4\u00dfig zu lesen.<\/p>\n","protected":false},"author":4,"featured_media":0,"parent":0,"menu_order":0,"comment_status":"closed","ping_status":"closed","template":"","meta":{"_acf_changed":false,"footnotes":""},"class_list":["post-11294","page","type-page","status-publish","hentry"],"acf":[],"_links":{"self":[{"href":"https:\/\/vanderhelmlogistics.com\/de\/wp-json\/wp\/v2\/pages\/11294","targetHints":{"allow":["GET"]}}],"collection":[{"href":"https:\/\/vanderhelmlogistics.com\/de\/wp-json\/wp\/v2\/pages"}],"about":[{"href":"https:\/\/vanderhelmlogistics.com\/de\/wp-json\/wp\/v2\/types\/page"}],"author":[{"embeddable":true,"href":"https:\/\/vanderhelmlogistics.com\/de\/wp-json\/wp\/v2\/users\/4"}],"replies":[{"embeddable":true,"href":"https:\/\/vanderhelmlogistics.com\/de\/wp-json\/wp\/v2\/comments?post=11294"}],"version-history":[{"count":2,"href":"https:\/\/vanderhelmlogistics.com\/de\/wp-json\/wp\/v2\/pages\/11294\/revisions"}],"predecessor-version":[{"id":11298,"href":"https:\/\/vanderhelmlogistics.com\/de\/wp-json\/wp\/v2\/pages\/11294\/revisions\/11298"}],"wp:attachment":[{"href":"https:\/\/vanderhelmlogistics.com\/de\/wp-json\/wp\/v2\/media?parent=11294"}],"curies":[{"name":"wp","href":"https:\/\/api.w.org\/{rel}","templated":true}]}}